{"id":204,"date":"2019-02-21T08:17:54","date_gmt":"2019-02-21T07:17:54","guid":{"rendered":"http:\/\/mhl.at\/page\/?page_id=204"},"modified":"2019-02-21T08:19:33","modified_gmt":"2019-02-21T07:19:33","slug":"home","status":"publish","type":"page","link":"https:\/\/mhl.at\/page\/home\/","title":{"rendered":"\u00dcber uns"},"content":{"rendered":"<p style=\"text-align: justify;\">Einer der traditionsreichsten Namen Europas, ein erstklassiges internationales Netzwerk und das Know How eines erfahrenen Privaten Bankers \u2013 Maximilian Habsburg-Lothringen \u2013 stehen hinter der Habsburg Solutions GmbH.<\/p>\n<p style=\"text-align: justify;\">Habsburg Solutions GmbH bietet umfassende Unterst\u00fctzung und Dienstleistungen zu einem vollen Spektrum von Bed\u00fcrfnissen f\u00fcr Privatpersonen und Unternehmen, die nach fundierten L\u00f6sungen im business-to-business oder im privaten Bereich suchen:\u00a0Verm\u00f6gensplanung, Investitionsberatung, Steuern, Immobilien, Versicherungsdienstleistungen, Familienunterst\u00fctzung, Umzug und \u00dcbersiedlung nach \u00d6sterreich &#8211; Aufenthaltsgenehmigungen, Jagd und anderes.<\/p>\n<p style=\"text-align: justify;\">Habsburg Solutions GmbH stellt ihre internationalen Kontakte und ihr Know How zur Verf\u00fcgung, um diskret, l\u00f6sungsorientiert und umsetzungssicher optimale Strategien f\u00fcr den Kunden zu finden und high level support bei komplexen Problemstellungen zu leisten. Habsburg Solutions GmbH ist international t\u00e4tig, mit Schwerpunkt in S\u00fcd- und Osteuropa, Russland, Schweiz und Liechtenstein.<\/p>\n","protected":false},"excerpt":{"rendered":"<p>Einer der traditionsreichsten Namen Europas, ein erstklassiges internationales Netzwerk und das Know How eines erfahrenen Privaten Bankers \u2013 Maximilian Habsburg-Lothringen \u2013 stehen hinter der Habsburg Solutions GmbH. Habsburg Solutions GmbH bietet umfassende Unterst\u00fctzung und Dienstleistungen zu einem vollen Spektrum von Bed\u00fcrfnissen f\u00fcr Privatpersonen und Unternehmen, die nach fundierten L\u00f6sungen im business-to-business oder im privaten Bereich &hellip; <a href=\"https:\/\/mhl.at\/page\/home\/\" class=\"more-link\"><span class=\"screen-reader-text\">\u201e\u00dcber uns\u201c<\/span> weiterlesen<\/a><\/p>\n","protected":false},"author":1,"featured_media":0,"parent":0,"menu_order":0,"comment_status":"closed","ping_status":"closed","template":"","meta":{"footnotes":""},"class_list":["post-204","page","type-page","status-publish","hentry"],"_links":{"self":[{"href":"https:\/\/mhl.at\/page\/wp-json\/wp\/v2\/pages\/204","targetHints":{"allow":["GET"]}}],"collection":[{"href":"https:\/\/mhl.at\/page\/wp-json\/wp\/v2\/pages"}],"about":[{"href":"https:\/\/mhl.at\/page\/wp-json\/wp\/v2\/types\/page"}],"author":[{"embeddable":true,"href":"https:\/\/mhl.at\/page\/wp-json\/wp\/v2\/users\/1"}],"replies":[{"embeddable":true,"href":"https:\/\/mhl.at\/page\/wp-json\/wp\/v2\/comments?post=204"}],"version-history":[{"count":2,"href":"https:\/\/mhl.at\/page\/wp-json\/wp\/v2\/pages\/204\/revisions"}],"predecessor-version":[{"id":206,"href":"https:\/\/mhl.at\/page\/wp-json\/wp\/v2\/pages\/204\/revisions\/206"}],"wp:attachment":[{"href":"https:\/\/mhl.at\/page\/wp-json\/wp\/v2\/media?parent=204"}],"curies":[{"name":"wp","href":"https:\/\/api.w.org\/{rel}","templated":true}]}}